{"id":20793,"date":"2019-08-12T12:00:55","date_gmt":"2019-08-12T12:00:55","guid":{"rendered":"https:\/\/cx.cooach.io\/noticias\/"},"modified":"2022-06-14T13:31:10","modified_gmt":"2022-06-14T13:31:10","slug":"noticias","status":"publish","type":"page","link":"https:\/\/cx.cooach.io\/es\/noticias\/","title":{"rendered":"Noticias"},"content":{"rendered":"\t\t<div data-elementor-type=\"wp-page\" data-elementor-id=\"20793\" class=\"elementor elementor-20793 elementor-1905\" data-elementor-post-type=\"page\">\n\t\t\t\t\t\t<section class=\"elementor-section elementor-top-section elementor-element elementor-element-82e74d8 elementor-reverse-mobile elementor-section-full_width elementor-section-content-middle elementor-section-height-full elementor-section-height-default elementor-section-items-middle\" data-id=\"82e74d8\" data-element_type=\"section\" data-e-type=\"section\" data-settings=\"{&quot;background_background&quot;:&quot;classic&quot;,&quot;shape_divider_bottom&quot;:&quot;waves&quot;,&quot;shape_divider_bottom_negative&quot;:&quot;yes&quot;}\">\n\t\t\t\t\t\t\t<div class=\"elementor-background-overlay\"><\/div>\n\t\t\t\t\t\t<div class=\"elementor-shape elementor-shape-bottom\" aria-hidden=\"true\" data-negative=\"true\">\n\t\t\t<svg xmlns=\"http:\/\/www.w3.org\/2000\/svg\" viewBox=\"0 0 1000 100\" preserveAspectRatio=\"none\">\n\t<path class=\"elementor-shape-fill\" d=\"M790.5,93.1c-59.3-5.3-116.8-18-192.6-50c-29.6-12.7-76.9-31-100.5-35.9c-23.6-4.9-52.6-7.8-75.5-5.3\n\tc-10.2,1.1-22.6,1.4-50.1,7.4c-27.2,6.3-58.2,16.6-79.4,24.7c-41.3,15.9-94.9,21.9-134,22.6C72,58.2,0,25.8,0,25.8V100h1000V65.3\n\tc0,0-51.5,19.4-106.2,25.7C839.5,97,814.1,95.2,790.5,93.1z\"\/>\n<\/svg>\t\t<\/div>\n\t\t\t\t\t<div class=\"elementor-container elementor-column-gap-default\">\n\t\t\t\t\t<div class=\"elementor-column elementor-col-33 elementor-top-column elementor-element elementor-element-ca8091e\" data-id=\"ca8091e\" data-element_type=\"column\" data-e-type=\"column\">\n\t\t\t<div class=\"elementor-widget-wrap\">\n\t\t\t\t\t\t\t<\/div>\n\t\t<\/div>\n\t\t\t\t<div class=\"elementor-column elementor-col-33 elementor-top-column elementor-element elementor-element-eb9b4f4\" data-id=\"eb9b4f4\" data-element_type=\"column\" data-e-type=\"column\">\n\t\t\t<div class=\"elementor-widget-wrap elementor-element-populated\">\n\t\t\t\t\t\t<div class=\"elementor-element elementor-element-57be1ee elementor-widget elementor-widget-heading\" data-id=\"57be1ee\" data-element_type=\"widget\" data-e-type=\"widget\" data-widget_type=\"heading.default\">\n\t\t\t\t<div class=\"elementor-widget-container\">\n\t\t\t\t\t<h1 class=\"elementor-heading-title elementor-size-default\">\u00daltimas actualizaciones<\/h1>\t\t\t\t<\/div>\n\t\t\t\t<\/div>\n\t\t\t\t\t<\/div>\n\t\t<\/div>\n\t\t\t\t<div class=\"elementor-column elementor-col-33 elementor-top-column elementor-element elementor-element-09e8c24\" data-id=\"09e8c24\" data-element_type=\"column\" data-e-type=\"column\">\n\t\t\t<div class=\"elementor-widget-wrap\">\n\t\t\t\t\t\t\t<\/div>\n\t\t<\/div>\n\t\t\t\t\t<\/div>\n\t\t<\/section>\n\t\t\t\t<section class=\"elementor-section elementor-top-section elementor-element elementor-element-702b73e elementor-section-boxed elementor-section-height-default elementor-section-height-default\" data-id=\"702b73e\" data-element_type=\"section\" data-e-type=\"section\">\n\t\t\t\t\t\t<div class=\"elementor-container elementor-column-gap-default\">\n\t\t\t\t\t<div class=\"elementor-column elementor-col-100 elementor-top-column elementor-element elementor-element-545fc77\" data-id=\"545fc77\" data-element_type=\"column\" data-e-type=\"column\">\n\t\t\t<div class=\"elementor-widget-wrap elementor-element-populated\">\n\t\t\t\t\t\t<div class=\"elementor-element elementor-element-1d4f29f elementor-grid-3 elementor-grid-tablet-2 elementor-grid-mobile-1 elementor-posts--thumbnail-top elementor-card-shadow-yes elementor-posts__hover-gradient elementor-widget elementor-widget-posts\" data-id=\"1d4f29f\" data-element_type=\"widget\" data-e-type=\"widget\" data-settings=\"{&quot;cards_columns&quot;:&quot;3&quot;,&quot;cards_columns_tablet&quot;:&quot;2&quot;,&quot;cards_columns_mobile&quot;:&quot;1&quot;,&quot;cards_row_gap&quot;:{&quot;unit&quot;:&quot;px&quot;,&quot;size&quot;:35,&quot;sizes&quot;:[]},&quot;cards_row_gap_tablet&quot;:{&quot;unit&quot;:&quot;px&quot;,&quot;size&quot;:&quot;&quot;,&quot;sizes&quot;:[]},&quot;cards_row_gap_mobile&quot;:{&quot;unit&quot;:&quot;px&quot;,&quot;size&quot;:&quot;&quot;,&quot;sizes&quot;:[]}}\" data-widget_type=\"posts.cards\">\n\t\t\t\t<div class=\"elementor-widget-container\">\n\t\t\t\t\t\t\t<div class=\"elementor-posts-container elementor-posts elementor-posts--skin-cards elementor-grid\" role=\"list\">\n\t\t\t\t<article class=\"elementor-post elementor-grid-item post-20888 post type-post status-publish format-standard has-post-thumbnail hentry category-sin-categorizar\" role=\"listitem\">\n\t\t\t<div class=\"elementor-post__card\">\n\t\t\t\t<a class=\"elementor-post__thumbnail__link\" href=\"https:\/\/cx.cooach.io\/es\/uno-de-nuestros-socios-acaba-de-lanzar-un-producto-increible\/\" tabindex=\"-1\" ><div class=\"elementor-post__thumbnail\"><img fetchpriority=\"high\" decoding=\"async\" width=\"272\" height=\"300\" src=\"https:\/\/cx.cooach.io\/wp-content\/uploads\/2022\/03\/bez-nazwy-272x300.png\" class=\"attachment-medium size-medium wp-image-20767\" alt=\"\" srcset=\"https:\/\/cx.cooach.io\/wp-content\/uploads\/2022\/03\/bez-nazwy-272x300.png 272w, https:\/\/cx.cooach.io\/wp-content\/uploads\/2022\/03\/bez-nazwy-929x1024.png 929w, https:\/\/cx.cooach.io\/wp-content\/uploads\/2022\/03\/bez-nazwy-768x847.png 768w, https:\/\/cx.cooach.io\/wp-content\/uploads\/2022\/03\/bez-nazwy.png 976w\" sizes=\"(max-width: 272px) 100vw, 272px\" \/><\/div><\/a>\n\t\t\t\t<div class=\"elementor-post__badge\">Sin categorizar<\/div>\n\t\t\t\t<div class=\"elementor-post__text\">\n\t\t\t\t<h2 class=\"elementor-post__title\">\n\t\t\t<a href=\"https:\/\/cx.cooach.io\/es\/uno-de-nuestros-socios-acaba-de-lanzar-un-producto-increible\/\" >\n\t\t\t\t\u00a1Uno de nuestros socios acaba de lanzar un producto incre\u00edble!\t\t\t<\/a>\n\t\t<\/h2>\n\t\t\t\t<div class=\"elementor-post__excerpt\">\n\t\t\t<p>\u00a1Uno de nuestros socios acaba de lanzar un producto incre\u00edble!<\/p>\n\t\t<\/div>\n\t\t\n\t\t<a class=\"elementor-post__read-more\" href=\"https:\/\/cx.cooach.io\/es\/uno-de-nuestros-socios-acaba-de-lanzar-un-producto-increible\/\" aria-label=\"M\u00e1s informaci\u00f3n sobre \u00a1Uno de nuestros socios acaba de lanzar un producto incre\u00edble!\" tabindex=\"-1\" >\n\t\t\tLeer m\u00e1s \"\t\t<\/a>\n\n\t\t\t\t<\/div>\n\t\t\t\t<div class=\"elementor-post__meta-data\">\n\t\t\t\t\t<span class=\"elementor-post-date\">\n\t\t\t23 de marzo de 2022\t\t<\/span>\n\t\t\t\t<\/div>\n\t\t\t\t\t<\/div>\n\t\t<\/article>\n\t\t\t\t<article class=\"elementor-post elementor-grid-item post-20863 post type-post status-publish format-standard has-post-thumbnail hentry category-sin-categorizar\" role=\"listitem\">\n\t\t\t<div class=\"elementor-post__card\">\n\t\t\t\t<a class=\"elementor-post__thumbnail__link\" href=\"https:\/\/cx.cooach.io\/es\/nos-complace-anunciar-que-somos-miembros-de-la-mspa\/\" tabindex=\"-1\" ><div class=\"elementor-post__thumbnail\"><img decoding=\"async\" width=\"300\" height=\"177\" src=\"https:\/\/cx.cooach.io\/wp-content\/uploads\/2022\/03\/MSPA-300x177.jpg\" class=\"attachment-medium size-medium wp-image-20765\" alt=\"\" srcset=\"https:\/\/cx.cooach.io\/wp-content\/uploads\/2022\/03\/MSPA-300x177.jpg 300w, https:\/\/cx.cooach.io\/wp-content\/uploads\/2022\/03\/MSPA.jpg 543w\" sizes=\"(max-width: 300px) 100vw, 300px\" \/><\/div><\/a>\n\t\t\t\t<div class=\"elementor-post__badge\">Sin categorizar<\/div>\n\t\t\t\t<div class=\"elementor-post__text\">\n\t\t\t\t<h2 class=\"elementor-post__title\">\n\t\t\t<a href=\"https:\/\/cx.cooach.io\/es\/nos-complace-anunciar-que-somos-miembros-de-la-mspa\/\" >\n\t\t\t\tNos complace anunciar que somos miembros de la MSPA\t\t\t<\/a>\n\t\t<\/h2>\n\t\t\t\t<div class=\"elementor-post__excerpt\">\n\t\t\t<p>Somos un orgulloso miembro de MSPA<\/p>\n\t\t<\/div>\n\t\t\n\t\t<a class=\"elementor-post__read-more\" href=\"https:\/\/cx.cooach.io\/es\/nos-complace-anunciar-que-somos-miembros-de-la-mspa\/\" aria-label=\"M\u00e1s informaci\u00f3n sobre Nos complace anunciar que somos miembros de la MSPA\" tabindex=\"-1\" >\n\t\t\tLeer m\u00e1s \"\t\t<\/a>\n\n\t\t\t\t<\/div>\n\t\t\t\t<div class=\"elementor-post__meta-data\">\n\t\t\t\t\t<span class=\"elementor-post-date\">\n\t\t\t22 de marzo de 2022\t\t<\/span>\n\t\t\t\t<\/div>\n\t\t\t\t\t<\/div>\n\t\t<\/article>\n\t\t\t\t<article class=\"elementor-post elementor-grid-item post-20842 post type-post status-publish format-standard has-post-thumbnail hentry category-sin-categorizar\" role=\"listitem\">\n\t\t\t<div class=\"elementor-post__card\">\n\t\t\t\t<a class=\"elementor-post__thumbnail__link\" href=\"https:\/\/cx.cooach.io\/es\/unete-a-nuestro-equipo\/\" tabindex=\"-1\" ><div class=\"elementor-post__thumbnail\"><img decoding=\"async\" width=\"300\" height=\"300\" src=\"https:\/\/cx.cooach.io\/wp-content\/uploads\/2022\/03\/Ecommerce-research-300x300.jpg\" class=\"attachment-medium size-medium wp-image-20729\" alt=\"\" srcset=\"https:\/\/cx.cooach.io\/wp-content\/uploads\/2022\/03\/Ecommerce-research-300x300.jpg 300w, https:\/\/cx.cooach.io\/wp-content\/uploads\/2022\/03\/Ecommerce-research-1024x1024.jpg 1024w, https:\/\/cx.cooach.io\/wp-content\/uploads\/2022\/03\/Ecommerce-research-150x150.jpg 150w, https:\/\/cx.cooach.io\/wp-content\/uploads\/2022\/03\/Ecommerce-research-768x768.jpg 768w, https:\/\/cx.cooach.io\/wp-content\/uploads\/2022\/03\/Ecommerce-research.jpg 1250w\" sizes=\"(max-width: 300px) 100vw, 300px\" \/><\/div><\/a>\n\t\t\t\t<div class=\"elementor-post__badge\">Sin categorizar<\/div>\n\t\t\t\t<div class=\"elementor-post__text\">\n\t\t\t\t<h2 class=\"elementor-post__title\">\n\t\t\t<a href=\"https:\/\/cx.cooach.io\/es\/unete-a-nuestro-equipo\/\" >\n\t\t\t\t\u00danete a nuestro equipo\t\t\t<\/a>\n\t\t<\/h2>\n\t\t\t\t<div class=\"elementor-post__excerpt\">\n\t\t\t<p>\u00a1Estamos contratando!<\/p>\n\t\t<\/div>\n\t\t\n\t\t<a class=\"elementor-post__read-more\" href=\"https:\/\/cx.cooach.io\/es\/unete-a-nuestro-equipo\/\" aria-label=\"M\u00e1s informaci\u00f3n sobre \u00danete a nuestro equipo\" tabindex=\"-1\" >\n\t\t\tLeer m\u00e1s \"\t\t<\/a>\n\n\t\t\t\t<\/div>\n\t\t\t\t<div class=\"elementor-post__meta-data\">\n\t\t\t\t\t<span class=\"elementor-post-date\">\n\t\t\t19 de marzo de 2022\t\t<\/span>\n\t\t\t\t<\/div>\n\t\t\t\t\t<\/div>\n\t\t<\/article>\n\t\t\t\t<\/div>\n\t\t\n\t\t\t\t\t\t<\/div>\n\t\t\t\t<\/div>\n\t\t\t\t\t<\/div>\n\t\t<\/div>\n\t\t\t\t\t<\/div>\n\t\t<\/section>\n\t\t\t\t<\/div>\n\t\t","protected":false},"excerpt":{"rendered":"<p>\u00daltimas actualizaciones<\/p>\n","protected":false},"author":1,"featured_media":0,"parent":0,"menu_order":0,"comment_status":"closed","ping_status":"closed","template":"","meta":{"_acf_changed":false,"footnotes":""},"class_list":["post-20793","page","type-page","status-publish","hentry"],"acf":[],"_links":{"self":[{"href":"https:\/\/cx.cooach.io\/es\/wp-json\/wp\/v2\/pages\/20793","targetHints":{"allow":["GET"]}}],"collection":[{"href":"https:\/\/cx.cooach.io\/es\/wp-json\/wp\/v2\/pages"}],"about":[{"href":"https:\/\/cx.cooach.io\/es\/wp-json\/wp\/v2\/types\/page"}],"author":[{"embeddable":true,"href":"https:\/\/cx.cooach.io\/es\/wp-json\/wp\/v2\/users\/1"}],"replies":[{"embeddable":true,"href":"https:\/\/cx.cooach.io\/es\/wp-json\/wp\/v2\/comments?post=20793"}],"version-history":[{"count":4,"href":"https:\/\/cx.cooach.io\/es\/wp-json\/wp\/v2\/pages\/20793\/revisions"}],"predecessor-version":[{"id":20936,"href":"https:\/\/cx.cooach.io\/es\/wp-json\/wp\/v2\/pages\/20793\/revisions\/20936"}],"wp:attachment":[{"href":"https:\/\/cx.cooach.io\/es\/wp-json\/wp\/v2\/media?parent=20793"}],"curies":[{"name":"wp","href":"https:\/\/api.w.org\/{rel}","templated":true}]}}